{"id":740,"date":"2018-08-31T14:17:17","date_gmt":"2018-08-31T17:17:17","guid":{"rendered":"https:\/\/isp-sal.infd.edu.ar\/sitio\/carreras\/"},"modified":"2026-04-15T10:31:00","modified_gmt":"2026-04-15T13:31:00","slug":"carreras","status":"publish","type":"page","link":"https:\/\/isp-sal.infd.edu.ar\/sitio\/carreras\/","title":{"rendered":"CARRERAS"},"content":{"rendered":"\n<h1 class=\"wp-block-heading\">&nbsp;<\/h1>\n\n\n\n<h2 class=\"wp-block-heading\"><span style=\"text-decoration: underline;\"><strong>PROFESORADOS (Duraci\u00f3n: 4 a\u00f1os)<\/strong><\/span><\/h2>\n\n\n\n<div class=\"wp-block-group is-layout-flow\"><div class=\"wp-block-group__inner-container\">\n<div class=\"wp-block-columns is-layout-flex wp-container-3\">\n<div class=\"wp-block-column is-layout-flow\" style=\"flex-basis:100%\">\n<div class=\"wp-block-group is-layout-flow\"><div class=\"wp-block-group__inner-container\">\n<figure class=\"wp-block-table aligncenter is-style-regular\"><table class=\"has-fixed-layout\"><tbody><tr><td class=\"has-text-align-center\" data-align=\"center\"><strong>TURNO<\/strong><\/td><td class=\"has-text-align-center\" data-align=\"center\"><strong>CARRERA<\/strong><\/td><td class=\"has-text-align-left\" data-align=\"left\"><strong style=\"font-size: inherit; text-align: center; font-family: inherit;\">PLAN DE ESTUDIO \/ CORRELATIVIDADES <\/strong><\/td><\/tr><tr><td class=\"has-text-align-center\" data-align=\"center\"><strong>NOCHE<\/strong><\/td><td class=\"has-text-align-center\" data-align=\"center\"><a href=\"https:\/\/www.canva.com\/design\/DAG7NaaEJiw\/_ByFxPrgSwsF9ObV2Wc84g\/view?utm_content=DAG7NaaEJiw&amp;utm_campaign=designshare&amp;utm_medium=link2&amp;utm_source=uniquelinks&amp;utlId=h49c9726c69\">Profesorado De Educaci\u00f3n Secundaria en <strong style=\"font-size: inherit; font-family: inherit;\">Biolog\u00eda<\/strong><\/a><\/td><td class=\"has-text-align-left\" data-align=\"left\">&#8211; <a style=\"font-family: inherit; font-size: inherit; font-weight: inherit;\" href=\"https:\/\/dges-sal.infd.edu.ar\/sitio\/profesorados\/upload\/Res-510-14_Prof._de_BIOLOGIA.pdf\">DESCARGAR PLAN<\/a><br>&#8211; <a href=\"https:\/\/isp-sal.infd.edu.ar\/sitio\/wp-content\/uploads\/2024\/03\/Res._4132_y_Disp._109.pdf\" target=\"_blank\" rel=\"noreferrer noopener\">DESCARGAR CORRELATIVIDADES<\/a><\/td><\/tr><tr><td class=\"has-text-align-center\" data-align=\"center\"><strong>NOCHE<\/strong><\/td><td class=\"has-text-align-center\" data-align=\"center\"> <a href=\"https:\/\/drive.google.com\/file\/d\/1zpRxGpyPttnvN1Ar1T29MZH9gicyTgpq\/view?usp=sharing\">Profesorado De Educaci\u00f3n Secundaria en <strong>Historia<\/strong><\/a><strong> <\/strong><\/td><td class=\"has-text-align-left\" data-align=\"left\">&#8211; <a style=\"font-family: inherit; font-size: inherit; font-weight: inherit; text-align: initial;\" href=\"https:\/\/dges-sal.infd.edu.ar\/sitio\/profesorados\/upload\/Res-798-14_Prof._HISTORIA.pdf\">DESCARGAR PLAN<\/a><br>&#8211; <a style=\"font-family: inherit; font-size: inherit; font-weight: inherit;\" href=\"https:\/\/dges-sal.infd.edu.ar\/sitio\/profesorados\/upload\/Res._4132_y_Disp._109.pdf\">DESCARGAR CORRELATIVIDADES<\/a><\/td><\/tr><tr><td class=\"has-text-align-center\" data-align=\"center\"><strong>NOCHE<\/strong><\/td><td class=\"has-text-align-center\" data-align=\"center\"> <a href=\"https:\/\/drive.google.com\/file\/d\/12ytmZD3l7PJNl2Y9LwrHx5SAn-HCIx0G\/view?usp=sharing\">Profesorado De Educaci\u00f3n Secundaria en <strong>Matem\u00e1tica<\/strong><\/a><strong>  <\/strong><\/td><td class=\"has-text-align-left\" data-align=\"left\">&#8211; <a style=\"font-family: inherit; font-size: inherit; font-weight: inherit; text-align: initial;\" href=\"https:\/\/dges-sal.infd.edu.ar\/sitio\/profesorados\/upload\/Res-3125-14.Matematica_pdf.pdf\">DESCARGAR PLAN<\/a><br>&#8211; <a style=\"font-family: inherit; font-size: inherit; font-weight: inherit;\" href=\"https:\/\/isp-sal.infd.edu.ar\/sitio\/wp-content\/uploads\/2021\/07\/CORREL-MAT.pdf\">DESCARGAR CORRELATIVIDADES<\/a> <\/td><\/tr><tr><td class=\"has-text-align-center\" data-align=\"center\"><strong>NOCHE<\/strong><\/td><td class=\"has-text-align-center\" data-align=\"center\"><a href=\"https:\/\/www.canva.com\/design\/DAG7NXjJ23M\/D9c_B9JYvRn9DeNqv5BF0w\/view?utm_content=DAG7NXjJ23M&amp;utm_campaign=designshare&amp;utm_medium=link2&amp;utm_source=uniquelinks&amp;utlId=hf79fe5d58f\">Profesorado De Educaci\u00f3n Secundaria en <strong>Geograf\u00eda<\/strong><\/a><\/td><td class=\"has-text-align-left\" data-align=\"left\">&#8211; <a href=\"http:\/\/www.edusalta.gov.ar\/index.php\/docentes\/normativa-educativa\/disenos-curriculares\/disenos-curriculares-educacion-superior\/2854-diseno-curricular-profesorado-de-educacion-secundaria-en-geografia\/file\">DESCARGAR PLAN<\/a><br><a href=\"https:\/\/isp-sal.infd.edu.ar\/sitio\/wp-content\/uploads\/2022\/03\/Res-034-21-SPEyDPD-1.pdf\">&#8211; DESCARGAR CORRELATIVIDADES<\/a><\/td><\/tr><tr><td class=\"has-text-align-center\" data-align=\"center\"><strong>TARDE<\/strong><\/td><td class=\"has-text-align-center\" data-align=\"center\"> <a href=\"https:\/\/www.canva.com\/design\/DAG7NTWwTws\/gP2MROQZrZhmrv3GRC3pow\/view?utm_content=DAG7NTWwTws&amp;utm_campaign=designshare&amp;utm_medium=link2&amp;utm_source=uniquelinks&amp;utlId=h7b8d0f6e89\">Profesorado De Educaci\u00f3n Secundaria en <strong>Qu\u00edmica<\/strong><\/a><\/td><td class=\"has-text-align-left\" data-align=\"left\">&#8211; <a style=\"font-family: inherit; font-size: inherit; font-weight: inherit;\" href=\"https:\/\/dges-sal.infd.edu.ar\/sitio\/profesorados\/upload\/Res-511-14_Prof._de_QUIMICA.pdf\">DESCARGAR PLAN<\/a><br>&#8211; <a style=\"font-family: inherit; font-size: inherit; font-weight: inherit; text-align: initial;\" href=\"https:\/\/isp-sal.infd.edu.ar\/sitio\/wp-content\/uploads\/2021\/07\/CORREL-QUI.pdf\">DESCARGAR CORRELATIVIDADES<\/a><\/td><\/tr><tr><td class=\"has-text-align-center\" data-align=\"center\"><strong>TARDE<\/strong><\/td><td class=\"has-text-align-center\" data-align=\"center\"><a href=\"https:\/\/drive.google.com\/file\/d\/12ytmZD3l7PJNl2Y9LwrHx5SAn-HCIx0G\/view?usp=sharing\">Profesorado De Educaci\u00f3n Secundaria en <strong>Matem\u00e1tica<\/strong><\/a><\/td><td class=\"has-text-align-left\" data-align=\"left\">&#8211; <a href=\"https:\/\/dges-sal.infd.edu.ar\/sitio\/profesorados\/upload\/Res-3125-14.Matematica_pdf.pdf\">DESCARGAR PLAN<\/a><br>&#8211; <a href=\"https:\/\/isp-sal.infd.edu.ar\/sitio\/wp-content\/uploads\/2021\/07\/CORREL-MAT.pdf\">DESCARGAR CORRELATIVIDADES<\/a><\/td><\/tr><tr><td class=\"has-text-align-center\" data-align=\"center\"><strong>NOCHE<\/strong> (1er A\u00f1o)<br><strong>MA\u00d1ANA<\/strong> (2do, 3er y 4to A\u00f1o)<\/td><td class=\"has-text-align-center\" data-align=\"center\"><a href=\"https:\/\/www.canva.com\/design\/DAG7NU_Tjj8\/-HZqixypZtTd2I1_LheNgw\/view?utm_content=DAG7NU_Tjj8&amp;utm_campaign=designshare&amp;utm_medium=link2&amp;utm_source=uniquelinks&amp;utlId=h014eec87b9\">Profesorado De Educaci\u00f3n Secundaria en <strong>F\u00edsica<\/strong><\/a><\/td><td class=\"has-text-align-left\" data-align=\"left\">&#8211; <a href=\"https:\/\/isp-sal.infd.edu.ar\/sitio\/wp-content\/uploads\/2026\/04\/R2290-14.pdf\">DESCARGAR PLAN<\/a><br>&#8211; <a href=\"https:\/\/dges-sal.infd.edu.ar\/sitio\/profesorados\/upload\/Res-2797-16._Correlatividades_de_M-LyL-F-_E.pdf\" target=\"_blank\" rel=\"noreferrer noopener\">DESCARGAR CORRELATIVIDADES <\/a> <\/td><\/tr><\/tbody><\/table><\/figure>\n<\/div><\/div>\n<\/div>\n<\/div>\n<\/div><\/div>\n\n\n\n<h2 class=\"wp-block-heading\">&nbsp;<strong><span style=\"text-decoration: underline;\">TECNICATURAS<\/span><\/strong>:<\/h2>\n\n\n\n<div class=\"wp-block-group is-layout-flow\"><div class=\"wp-block-group__inner-container\">\n<figure class=\"wp-block-table aligncenter\"><table><tbody><tr><td class=\"has-text-align-center\" data-align=\"center\"><strong>TURNO<\/strong><\/td><td class=\"has-text-align-center\" data-align=\"center\"><strong>CARRERA<\/strong><\/td><td><strong>PLAN DE ESTUDIOS \/&nbsp;CORRELATIVIDADES<\/strong><\/td><\/tr><tr><td class=\"has-text-align-center\" data-align=\"center\"><strong>TARDE<\/strong><\/td><td class=\"has-text-align-center\" data-align=\"center\"><a href=\"https:\/\/www.canva.com\/design\/DAG7NUF6JHU\/HX6heXkYAMWAf17W0jIjWA\/view?utm_content=DAG7NUF6JHU&amp;utm_campaign=designshare&amp;utm_medium=link2&amp;utm_source=uniquelinks&amp;utlId=ha00673619c\">Tecnicatura Superior en<strong> Gesti\u00f3n de Emprendimientos<\/strong><br><em>Duraci\u00f3n: 2 a\u00f1os y medio<\/em><\/a><\/td><td>&#8211; <a rel=\"noreferrer noopener\" href=\"https:\/\/dges-sal.infd.edu.ar\/aula\/archivos\/repositorio\/\/1500\/1658\/Res._051-23_SPEyDPD_TS_en_Emprendimiento.pdf\" target=\"_blank\">DESCARGAR PLAN<\/a><br><a href=\"https:\/\/isp-sal.infd.edu.ar\/sitio\/wp-content\/uploads\/2025\/12\/Plan-de-Correlatividades-Res._051-23_SPEyDPD_TS_en_Emprendimiento.pdf\">&#8211; DESCARGAR CORRELATIVIDADES<\/a><\/td><\/tr><tr><td class=\"has-text-align-center\" data-align=\"center\"><strong>NOCHE<\/strong><\/td><td class=\"has-text-align-center\" data-align=\"center\"><a href=\"https:\/\/drive.google.com\/file\/d\/1tipcktVGE8LjFoUVhyFndzUvQcImvFSq\/view?usp=sharing\">Tecnicatura Superior en <strong>Turismo<\/strong> <br><em>Duraci\u00f3n: 3 a\u00f1os<\/em><\/a><\/td><td><strong>PLAN VIEJO<\/strong><br>&#8211; <a href=\"https:\/\/isp-sal.infd.edu.ar\/sitio\/wp-content\/uploads\/2022\/03\/Turismo-1.pdf\">DESCARGAR PLAN<\/a><br><a href=\"https:\/\/isp-sal.infd.edu.ar\/sitio\/wp-content\/uploads\/2021\/07\/CORREL-TURISMO.pdf\">&#8211; DESCARGAR CORRELATIVIDADES<strong><span style=\"font-family: inherit; font-size: inherit; font-weight: inherit;\"><mark style=\"background-color:rgba(0, 0, 0, 0)\" class=\"has-inline-color has-vivid-red-color\"> <\/mark> <\/span> <\/strong><\/a><br>&#8212;&#8212;&#8212;&#8212;&#8212;&#8212;&#8212;&#8212;&#8212;&#8212;&#8212;&#8212;&#8212;&#8212;&#8212;&#8212;&#8212;&#8212;&#8212;<br><strong>PLAN NUEVO<\/strong><br><a href=\"https:\/\/isp-sal.infd.edu.ar\/sitio\/wp-content\/uploads\/2025\/06\/RESOLUCION-SPE-Y-DPD-N\u00b0-91-24-TECNICATURA-SUPERIOR-EN-TURISMO.pdf\">&#8211; DESCARGAR PLAN<br><\/a><a rel=\"noreferrer noopener\" href=\"https:\/\/isp-sal.infd.edu.ar\/sitio\/wp-content\/uploads\/2025\/06\/CORRELATIVIDADES-TURISMO-PLAN-NUEVO.pdf\" target=\"_blank\">&#8211; DESCARGAR CORRELATIVIDADES<\/a><\/td><\/tr><tr><td class=\"has-text-align-center\" data-align=\"center\"><strong>NOCHE<\/strong><\/td><td class=\"has-text-align-center\" data-align=\"center\"><a href=\"https:\/\/www.canva.com\/design\/DAG7NU4pIm4\/OypkEXlKpNOXfOjaiI5wog\/view?utm_content=DAG7NU4pIm4&amp;utm_campaign=designshare&amp;utm_medium=link2&amp;utm_source=uniquelinks&amp;utlId=haae4dfcee1\">Tecnicatura Superior en Administraci\u00f3n <br>con orientaci\u00f3n en&nbsp;<strong>Comercializaci\u00f3n<\/strong><br><em>Duraci\u00f3n: 3 a\u00f1o<\/em>s<\/a><\/td><td>&#8211; <a style=\"font-family: inherit; font-size: inherit; font-weight: inherit;\" href=\"https:\/\/dges-sal.infd.edu.ar\/sitio\/tecnicaturas\/upload\/tecsupenadministracionorientacioncomercializacion-2369.pdf\">DESCARGAR PLAN<\/a><br>&#8211; <a style=\"font-family: inherit; font-size: inherit; font-weight: inherit;\" href=\"https:\/\/dges-sal.infd.edu.ar\/sitio\/tecnicaturas\/upload\/tecsupenadministracionorientacioncomercializacion-2369.pdf\"><\/a><a style=\"font-family: inherit; font-size: inherit; font-weight: inherit;\" href=\"https:\/\/isp-sal.infd.edu.ar\/sitio\/wp-content\/uploads\/2021\/07\/CORREL-COMERCIALIZACON.pdf\">DESCARGAR CORRELATIVIDADES<\/a><span style=\"background-color: rgba(58, 58, 58, 0.2); font-family: inherit; font-size: inherit; font-weight: inherit; color: rgb(58, 58, 58);\"> <\/span> <\/td><\/tr><\/tbody><\/table><\/figure>\n<\/div><\/div>\n\n\n\n<h2 class=\"wp-block-heading\"><strong><span style=\"text-decoration: underline;\">HORARIOS:<\/span><\/strong><\/h2>\n\n\n\n<ul>\n<li>\n<h4><strong>TURNO MA\u00d1ANA<\/strong>: 08:00 a 12:00 hs<\/h4>\n<\/li>\n\n\n\n<li>\n<h4><strong>TURNO TARDE<\/strong>: 14:15 a 19:00 hs<\/h4>\n<\/li>\n\n\n\n<li>\n<h4><strong>TURNO NOCHE<\/strong>: 19:00 a 23:30 hs<\/h4>\n<\/li>\n<\/ul>\n\n\n\n<p><\/p>\n","protected":false},"excerpt":{"rendered":"<p>&nbsp; PROFESORADOS (Duraci\u00f3n: 4 a\u00f1os) TURNO CARRERA PLAN DE ESTUDIO \/ CORRELATIVIDADES NOCHE Profesorado De Educaci\u00f3n Secundaria en Biolog\u00eda &#8211; DESCARGAR PLAN&#8211; DESCARGAR CORRELATIVIDADES NOCHE Profesorado De Educaci\u00f3n Secundaria en Historia &#8211; DESCARGAR PLAN&#8211; DESCARGAR CORRELATIVIDADES NOCHE Profesorado De Educaci\u00f3n Secundaria en Matem\u00e1tica &#8211; DESCARGAR PLAN&#8211; DESCARGAR CORRELATIVIDADES NOCHE Profesorado De Educaci\u00f3n Secundaria en Geograf\u00eda &#8230; <a title=\"CARRERAS\" class=\"read-more\" href=\"https:\/\/isp-sal.infd.edu.ar\/sitio\/carreras\/\" aria-label=\"More on CARRERAS\">[+]<\/a><\/p>\n","protected":false},"author":580,"featured_media":0,"parent":0,"menu_order":0,"comment_status":"closed","ping_status":"closed","template":"","meta":[],"acf":[],"_links":{"self":[{"href":"https:\/\/isp-sal.infd.edu.ar\/sitio\/wp-json\/wp\/v2\/pages\/740"}],"collection":[{"href":"https:\/\/isp-sal.infd.edu.ar\/sitio\/wp-json\/wp\/v2\/pages"}],"about":[{"href":"https:\/\/isp-sal.infd.edu.ar\/sitio\/wp-json\/wp\/v2\/types\/page"}],"author":[{"embeddable":true,"href":"https:\/\/isp-sal.infd.edu.ar\/sitio\/wp-json\/wp\/v2\/users\/580"}],"replies":[{"embeddable":true,"href":"https:\/\/isp-sal.infd.edu.ar\/sitio\/wp-json\/wp\/v2\/comments?post=740"}],"version-history":[{"count":60,"href":"https:\/\/isp-sal.infd.edu.ar\/sitio\/wp-json\/wp\/v2\/pages\/740\/revisions"}],"predecessor-version":[{"id":8362,"href":"https:\/\/isp-sal.infd.edu.ar\/sitio\/wp-json\/wp\/v2\/pages\/740\/revisions\/8362"}],"wp:attachment":[{"href":"https:\/\/isp-sal.infd.edu.ar\/sitio\/wp-json\/wp\/v2\/media?parent=740"}],"curies":[{"name":"wp","href":"https:\/\/api.w.org\/{rel}","templated":true}]}}