{"id":7090,"date":"2024-11-15T16:45:16","date_gmt":"2024-11-15T19:45:16","guid":{"rendered":"https:\/\/isp-sal.infd.edu.ar\/sitio\/?page_id=7090"},"modified":"2024-11-19T18:23:37","modified_gmt":"2024-11-19T21:23:37","slug":"perfil-de-egresado-por-carrera","status":"publish","type":"page","link":"https:\/\/isp-sal.infd.edu.ar\/sitio\/perfil-de-egresado-por-carrera\/","title":{"rendered":"INSTITUTO SUPERIOR DEL PROFESORADO DE SALTA"},"content":{"rendered":"\n<p class=\"has-large-font-size\">Perfil de egresado por carrera<\/p>\n\n\n\n<p class=\"has-contrast-color has-cool-to-warm-spectrum-gradient-background has-text-color has-background has-medium-font-size\"><em>\u00abTu futuro est\u00e1 lleno de posibilidades, y tus talentos son las herramientas que te llevar\u00e1n lejos. Conf\u00eda en tus habilidades, explora lo que te apasiona y construye con determinaci\u00f3n el camino hacia tus sue\u00f1os.\u00bb<\/em><\/p>\n\n\n\n<p><strong>\u00abDescubre el perfil de egresado de nuestras carreras y encuentra c\u00f3mo tus talentos y aspiraciones pueden transformarse en un futuro lleno de oportunidades y crecimiento profesional.\u00bb<\/strong><\/p>\n\n\n\n<div class=\"wp-block-columns is-layout-flex wp-container-4\">\n<div class=\"wp-block-column is-layout-flow\">\n<figure class=\"wp-block-image size-full\"><img decoding=\"async\" src=\"https:\/\/isp-sal.infd.edu.ar\/sitio\/wp-content\/uploads\/2024\/11\/QUIMICA.jpg\" alt=\"\" class=\"wp-image-7100\"\/><\/figure>\n<\/div>\n\n\n\n<div class=\"wp-block-column is-layout-flow\">\n<p><\/p>\n\n\n\n<p><\/p>\n\n\n\n<p><\/p>\n\n\n\n<div class=\"wp-block-buttons is-layout-flex\">\n<div class=\"wp-block-button\"><a class=\"wp-block-button__link has-blush-bordeaux-gradient-background has-background wp-element-button\" href=\"https:\/\/isp-sal.infd.edu.ar\/sitio\/wp-content\/uploads\/2024\/11\/Quimica.jpeg\" target=\"_blank\" rel=\"https:\/\/isp-sal.infd.edu.ar\/sitio\/wp-content\/uploads\/2024\/11\/Quimica.jpeg noopener\">Descubre el perfil<\/a><\/div>\n<\/div>\n<\/div>\n<\/div>\n\n\n\n<div class=\"wp-block-columns is-layout-flex wp-container-8\">\n<div class=\"wp-block-column is-layout-flow\">\n<figure class=\"wp-block-image size-large\"><img decoding=\"async\" loading=\"lazy\" width=\"1900\" height=\"950\" src=\"https:\/\/isp-sal.infd.edu.ar\/sitio\/wp-content\/uploads\/2024\/11\/TURISMO-1900x950.jpg\" alt=\"\" class=\"wp-image-7101\" srcset=\"https:\/\/isp-sal.infd.edu.ar\/sitio\/wp-content\/uploads\/2024\/11\/TURISMO-1900x950.jpg 1900w, https:\/\/isp-sal.infd.edu.ar\/sitio\/wp-content\/uploads\/2024\/11\/TURISMO-1000x500.jpg 1000w, https:\/\/isp-sal.infd.edu.ar\/sitio\/wp-content\/uploads\/2024\/11\/TURISMO-768x384.jpg 768w, https:\/\/isp-sal.infd.edu.ar\/sitio\/wp-content\/uploads\/2024\/11\/TURISMO-1536x768.jpg 1536w, https:\/\/isp-sal.infd.edu.ar\/sitio\/wp-content\/uploads\/2024\/11\/TURISMO-2048x1024.jpg 2048w\" sizes=\"(max-width: 1900px) 100vw, 1900px\" \/><\/figure>\n<\/div>\n\n\n\n<div class=\"wp-block-column is-layout-flow\">\n<p><\/p>\n\n\n\n<p><\/p>\n\n\n\n<p><\/p>\n\n\n\n<div class=\"wp-block-buttons is-layout-flex\">\n<div class=\"wp-block-button\"><a class=\"wp-block-button__link has-base-3-color has-blush-bordeaux-gradient-background has-text-color has-background wp-element-button\" href=\"https:\/\/isp-sal.infd.edu.ar\/sitio\/wp-content\/uploads\/2024\/11\/Turismo.jpeg\" target=\"_blank\" rel=\"https:\/\/isp-sal.infd.edu.ar\/sitio\/wp-content\/uploads\/2024\/11\/Turismo.jpeg noopener\">Descubre el perfil<\/a><\/div>\n<\/div>\n<\/div>\n<\/div>\n\n\n\n<div class=\"wp-block-columns is-layout-flex wp-container-12\">\n<div class=\"wp-block-column is-layout-flow\">\n<figure class=\"wp-block-image size-large\"><img decoding=\"async\" loading=\"lazy\" width=\"1900\" height=\"950\" src=\"https:\/\/isp-sal.infd.edu.ar\/sitio\/wp-content\/uploads\/2024\/11\/HISTORIA-1900x950.jpg\" alt=\"\" class=\"wp-image-7098\" srcset=\"https:\/\/isp-sal.infd.edu.ar\/sitio\/wp-content\/uploads\/2024\/11\/HISTORIA-1900x950.jpg 1900w, https:\/\/isp-sal.infd.edu.ar\/sitio\/wp-content\/uploads\/2024\/11\/HISTORIA-1000x500.jpg 1000w, https:\/\/isp-sal.infd.edu.ar\/sitio\/wp-content\/uploads\/2024\/11\/HISTORIA-768x384.jpg 768w, https:\/\/isp-sal.infd.edu.ar\/sitio\/wp-content\/uploads\/2024\/11\/HISTORIA-1536x768.jpg 1536w, https:\/\/isp-sal.infd.edu.ar\/sitio\/wp-content\/uploads\/2024\/11\/HISTORIA-2048x1024.jpg 2048w\" sizes=\"(max-width: 1900px) 100vw, 1900px\" \/><\/figure>\n<\/div>\n\n\n\n<div class=\"wp-block-column is-layout-flow\">\n<p><\/p>\n\n\n\n<p><\/p>\n\n\n\n<p><\/p>\n\n\n\n<div class=\"wp-block-buttons is-content-justification-left is-layout-flex wp-container-10\">\n<div class=\"wp-block-button\"><a class=\"wp-block-button__link has-blush-bordeaux-gradient-background has-background wp-element-button\" href=\"https:\/\/isp-sal.infd.edu.ar\/sitio\/wp-content\/uploads\/2024\/11\/Historia.pdf\" style=\"border-radius:55px\" target=\"_blank\" rel=\"https:\/\/isp-sal.infd.edu.ar\/sitio\/wp-content\/uploads\/2024\/11\/Historia.pdf noopener\">Descubre el perfil<\/a><\/div>\n<\/div>\n<\/div>\n<\/div>\n\n\n\n<div class=\"wp-block-columns is-layout-flex wp-container-16\">\n<div class=\"wp-block-column is-layout-flow\">\n<figure class=\"wp-block-image size-large\"><img decoding=\"async\" loading=\"lazy\" width=\"1900\" height=\"950\" src=\"https:\/\/isp-sal.infd.edu.ar\/sitio\/wp-content\/uploads\/2024\/11\/GEOGRAFIA-1900x950.jpg\" alt=\"\" class=\"wp-image-7096\" srcset=\"https:\/\/isp-sal.infd.edu.ar\/sitio\/wp-content\/uploads\/2024\/11\/GEOGRAFIA-1900x950.jpg 1900w, https:\/\/isp-sal.infd.edu.ar\/sitio\/wp-content\/uploads\/2024\/11\/GEOGRAFIA-1000x500.jpg 1000w, https:\/\/isp-sal.infd.edu.ar\/sitio\/wp-content\/uploads\/2024\/11\/GEOGRAFIA-768x384.jpg 768w, https:\/\/isp-sal.infd.edu.ar\/sitio\/wp-content\/uploads\/2024\/11\/GEOGRAFIA-1536x768.jpg 1536w, https:\/\/isp-sal.infd.edu.ar\/sitio\/wp-content\/uploads\/2024\/11\/GEOGRAFIA-2048x1024.jpg 2048w\" sizes=\"(max-width: 1900px) 100vw, 1900px\" \/><\/figure>\n<\/div>\n\n\n\n<div class=\"wp-block-column is-layout-flow\">\n<p><\/p>\n\n\n\n<p class=\"has-base-3-color has-text-color\"><\/p>\n\n\n\n<p><\/p>\n\n\n\n<div class=\"wp-block-buttons is-content-justification-left is-layout-flex wp-container-14\">\n<div class=\"wp-block-button\"><a class=\"wp-block-button__link has-base-3-color has-blush-bordeaux-gradient-background has-text-color has-background wp-element-button\" href=\"https:\/\/isp-sal.infd.edu.ar\/sitio\/wp-content\/uploads\/2024\/11\/Geografia.jpeg\" target=\"_blank\" rel=\"https:\/\/isp-sal.infd.edu.ar\/sitio\/wp-content\/uploads\/2024\/11\/Geografia.jpeg noopener\">Descubre el perfil<\/a><\/div>\n<\/div>\n<\/div>\n<\/div>\n\n\n\n<div class=\"wp-block-columns is-layout-flex wp-container-20\">\n<div class=\"wp-block-column is-layout-flow\">\n<figure class=\"wp-block-image size-large\"><img decoding=\"async\" loading=\"lazy\" width=\"1900\" height=\"950\" src=\"https:\/\/isp-sal.infd.edu.ar\/sitio\/wp-content\/uploads\/2024\/11\/BIOLOGIA-1900x950.jpg\" alt=\"\" class=\"wp-image-7093\" srcset=\"https:\/\/isp-sal.infd.edu.ar\/sitio\/wp-content\/uploads\/2024\/11\/BIOLOGIA-1900x950.jpg 1900w, https:\/\/isp-sal.infd.edu.ar\/sitio\/wp-content\/uploads\/2024\/11\/BIOLOGIA-1000x500.jpg 1000w, https:\/\/isp-sal.infd.edu.ar\/sitio\/wp-content\/uploads\/2024\/11\/BIOLOGIA-768x384.jpg 768w, https:\/\/isp-sal.infd.edu.ar\/sitio\/wp-content\/uploads\/2024\/11\/BIOLOGIA-1536x768.jpg 1536w, https:\/\/isp-sal.infd.edu.ar\/sitio\/wp-content\/uploads\/2024\/11\/BIOLOGIA-2048x1024.jpg 2048w\" sizes=\"(max-width: 1900px) 100vw, 1900px\" \/><\/figure>\n<\/div>\n\n\n\n<div class=\"wp-block-column is-layout-flow\">\n<p><\/p>\n\n\n\n<p><\/p>\n\n\n\n<p><\/p>\n\n\n\n<div class=\"wp-block-buttons is-layout-flex\" id=\"https:\/\/isp-sal.infd.edu.ar\/sitio\/wp-content\/uploads\/2024\/11\/Biologia.jpeg\">\n<div class=\"wp-block-button\"><a class=\"wp-block-button__link has-blush-bordeaux-gradient-background has-background wp-element-button\" href=\"https:\/\/isp-sal.infd.edu.ar\/sitio\/wp-content\/uploads\/2024\/11\/Biologia.jpeg\" target=\"_blank\" rel=\"noreferrer noopener\">Descubre el perfil<\/a><\/div>\n<\/div>\n<\/div>\n<\/div>\n\n\n\n<div class=\"wp-block-columns is-layout-flex wp-container-24\">\n<div class=\"wp-block-column is-layout-flow\">\n<figure class=\"wp-block-image size-large\"><img decoding=\"async\" loading=\"lazy\" width=\"1900\" height=\"950\" src=\"https:\/\/isp-sal.infd.edu.ar\/sitio\/wp-content\/uploads\/2024\/11\/COMERCIALIZACION-1900x950.jpg\" alt=\"\" class=\"wp-image-7094\" srcset=\"https:\/\/isp-sal.infd.edu.ar\/sitio\/wp-content\/uploads\/2024\/11\/COMERCIALIZACION-1900x950.jpg 1900w, https:\/\/isp-sal.infd.edu.ar\/sitio\/wp-content\/uploads\/2024\/11\/COMERCIALIZACION-1000x500.jpg 1000w, https:\/\/isp-sal.infd.edu.ar\/sitio\/wp-content\/uploads\/2024\/11\/COMERCIALIZACION-768x384.jpg 768w, https:\/\/isp-sal.infd.edu.ar\/sitio\/wp-content\/uploads\/2024\/11\/COMERCIALIZACION-1536x768.jpg 1536w, https:\/\/isp-sal.infd.edu.ar\/sitio\/wp-content\/uploads\/2024\/11\/COMERCIALIZACION-2048x1024.jpg 2048w\" sizes=\"(max-width: 1900px) 100vw, 1900px\" \/><\/figure>\n<\/div>\n\n\n\n<div class=\"wp-block-column is-layout-flow\">\n<p><\/p>\n\n\n\n<p><\/p>\n\n\n\n<p><\/p>\n\n\n\n<div class=\"wp-block-buttons is-layout-flex\">\n<div class=\"wp-block-button\"><a class=\"wp-block-button__link has-blush-bordeaux-gradient-background has-background wp-element-button\" href=\"https:\/\/isp-sal.infd.edu.ar\/sitio\/wp-content\/uploads\/2024\/11\/Comercializacion.jpeg\" target=\"_blank\" rel=\"https:\/\/isp-sal.infd.edu.ar\/sitio\/wp-content\/uploads\/2024\/11\/Comercializacion.jpeg noopener\">Descubre el perfil<\/a><\/div>\n<\/div>\n<\/div>\n<\/div>\n\n\n\n<div class=\"wp-block-columns is-layout-flex wp-container-28\">\n<div class=\"wp-block-column is-layout-flow\">\n<figure class=\"wp-block-image size-large\"><img decoding=\"async\" loading=\"lazy\" width=\"1900\" height=\"950\" src=\"https:\/\/isp-sal.infd.edu.ar\/sitio\/wp-content\/uploads\/2024\/11\/FISICA-1900x950.jpg\" alt=\"\" class=\"wp-image-7095\" srcset=\"https:\/\/isp-sal.infd.edu.ar\/sitio\/wp-content\/uploads\/2024\/11\/FISICA-1900x950.jpg 1900w, https:\/\/isp-sal.infd.edu.ar\/sitio\/wp-content\/uploads\/2024\/11\/FISICA-1000x500.jpg 1000w, https:\/\/isp-sal.infd.edu.ar\/sitio\/wp-content\/uploads\/2024\/11\/FISICA-768x384.jpg 768w, https:\/\/isp-sal.infd.edu.ar\/sitio\/wp-content\/uploads\/2024\/11\/FISICA-1536x768.jpg 1536w, https:\/\/isp-sal.infd.edu.ar\/sitio\/wp-content\/uploads\/2024\/11\/FISICA-2048x1024.jpg 2048w\" sizes=\"(max-width: 1900px) 100vw, 1900px\" \/><\/figure>\n<\/div>\n\n\n\n<div class=\"wp-block-column is-layout-flow\">\n<p><\/p>\n\n\n\n<p><\/p>\n\n\n\n<p><\/p>\n\n\n\n<div class=\"wp-block-buttons is-layout-flex\" id=\"https:\/\/isp-sal.infd.edu.ar\/sitio\/wp-content\/uploads\/2024\/11\/Fisica-1.pdf\">\n<div class=\"wp-block-button\"><a class=\"wp-block-button__link has-blush-bordeaux-gradient-background has-background wp-element-button\" href=\"https:\/\/isp-sal.infd.edu.ar\/sitio\/wp-content\/uploads\/2024\/11\/Fisica-1.pdf\" target=\"_blank\" rel=\"https:\/\/isp-sal.infd.edu.ar\/sitio\/wp-content\/uploads\/2024\/11\/Fisica-1.pdf noopener\">Descubre el perfil<\/a><\/div>\n<\/div>\n<\/div>\n<\/div>\n\n\n\n<div class=\"wp-block-columns is-layout-flex wp-container-32\">\n<div class=\"wp-block-column is-layout-flow\">\n<figure class=\"wp-block-image size-large\"><img decoding=\"async\" loading=\"lazy\" width=\"1900\" height=\"950\" src=\"https:\/\/isp-sal.infd.edu.ar\/sitio\/wp-content\/uploads\/2024\/11\/MATEMATICA-1900x950.jpg\" alt=\"\" class=\"wp-image-7099\" srcset=\"https:\/\/isp-sal.infd.edu.ar\/sitio\/wp-content\/uploads\/2024\/11\/MATEMATICA-1900x950.jpg 1900w, https:\/\/isp-sal.infd.edu.ar\/sitio\/wp-content\/uploads\/2024\/11\/MATEMATICA-1000x500.jpg 1000w, https:\/\/isp-sal.infd.edu.ar\/sitio\/wp-content\/uploads\/2024\/11\/MATEMATICA-768x384.jpg 768w, https:\/\/isp-sal.infd.edu.ar\/sitio\/wp-content\/uploads\/2024\/11\/MATEMATICA-1536x768.jpg 1536w, https:\/\/isp-sal.infd.edu.ar\/sitio\/wp-content\/uploads\/2024\/11\/MATEMATICA-2048x1024.jpg 2048w\" sizes=\"(max-width: 1900px) 100vw, 1900px\" \/><\/figure>\n<\/div>\n\n\n\n<div class=\"wp-block-column is-vertically-aligned-center is-layout-flow\">\n<div class=\"wp-block-buttons is-horizontal is-content-justification-left is-layout-flex wp-container-30\">\n<div class=\"wp-block-button\"><a class=\"wp-block-button__link has-blush-bordeaux-gradient-background has-background wp-element-button\" href=\"https:\/\/isp-sal.infd.edu.ar\/sitio\/wp-content\/uploads\/2024\/11\/flyer-matematica.pdf\" target=\"_blank\" rel=\"https:\/\/isp-sal.infd.edu.ar\/sitio\/wp-content\/uploads\/2024\/11\/flyer-matematica.pdf noopener\">Descubre el perfil<\/a><\/div>\n<\/div>\n<\/div>\n<\/div>\n\n\n\n<div class=\"wp-block-columns is-layout-flex wp-container-36\">\n<div class=\"wp-block-column is-layout-flow\">\n<figure class=\"wp-block-image size-large\"><img decoding=\"async\" loading=\"lazy\" width=\"1900\" height=\"950\" src=\"https:\/\/isp-sal.infd.edu.ar\/sitio\/wp-content\/uploads\/2024\/11\/GESTION-1900x950.jpg\" alt=\"\" class=\"wp-image-7097\" srcset=\"https:\/\/isp-sal.infd.edu.ar\/sitio\/wp-content\/uploads\/2024\/11\/GESTION-1900x950.jpg 1900w, https:\/\/isp-sal.infd.edu.ar\/sitio\/wp-content\/uploads\/2024\/11\/GESTION-1000x500.jpg 1000w, https:\/\/isp-sal.infd.edu.ar\/sitio\/wp-content\/uploads\/2024\/11\/GESTION-768x384.jpg 768w, https:\/\/isp-sal.infd.edu.ar\/sitio\/wp-content\/uploads\/2024\/11\/GESTION-1536x768.jpg 1536w, https:\/\/isp-sal.infd.edu.ar\/sitio\/wp-content\/uploads\/2024\/11\/GESTION-2048x1024.jpg 2048w\" sizes=\"(max-width: 1900px) 100vw, 1900px\" \/><\/figure>\n<\/div>\n\n\n\n<div class=\"wp-block-column is-vertically-aligned-center is-layout-flow\">\n<div class=\"wp-block-buttons is-content-justification-left is-layout-flex wp-container-34\">\n<div class=\"wp-block-button\"><a class=\"wp-block-button__link has-blush-bordeaux-gradient-background has-background wp-element-button\" href=\"https:\/\/isp-sal.infd.edu.ar\/sitio\/wp-content\/uploads\/2024\/11\/Gestion.jpeg\" target=\"_blank\" rel=\"https:\/\/isp-sal.infd.edu.ar\/sitio\/wp-content\/uploads\/2024\/11\/Gestion.jpeg noopener\">Descubre el perfil<\/a><\/div>\n<\/div>\n<\/div>\n<\/div>\n\n\n\n<p>Aqu\u00ed puedes interiorizarte sobre el plan de estudio de cada carrera <\/p>\n\n\n\n<div class=\"wp-block-buttons is-content-justification-center is-layout-flex wp-container-37\">\n<div class=\"wp-block-button has-custom-width wp-block-button__width-50 is-style-fill\"><a class=\"wp-block-button__link has-blush-bordeaux-gradient-background has-background wp-element-button\" style=\"border-radius:46px\" rel=\"https:\/\/isp-sal.infd.edu.ar\/sitio\/carreras\/\">Plan de Estudio<\/a><\/div>\n<\/div>\n","protected":false},"excerpt":{"rendered":"<p>Perfil de egresado por carrera \u00abTu futuro est\u00e1 lleno de posibilidades, y tus talentos son las herramientas que te llevar\u00e1n lejos. Conf\u00eda en tus habilidades, explora lo que te apasiona y construye con determinaci\u00f3n el camino hacia tus sue\u00f1os.\u00bb \u00abDescubre el perfil de egresado de nuestras carreras y encuentra c\u00f3mo tus talentos y aspiraciones pueden &#8230; <a title=\"INSTITUTO SUPERIOR DEL PROFESORADO DE SALTA\" class=\"read-more\" href=\"https:\/\/isp-sal.infd.edu.ar\/sitio\/perfil-de-egresado-por-carrera\/\" aria-label=\"More on INSTITUTO SUPERIOR DEL PROFESORADO DE SALTA\">[+]<\/a><\/p>\n","protected":false},"author":1526,"featured_media":0,"parent":0,"menu_order":0,"comment_status":"closed","ping_status":"closed","template":"","meta":[],"acf":[],"_links":{"self":[{"href":"https:\/\/isp-sal.infd.edu.ar\/sitio\/wp-json\/wp\/v2\/pages\/7090"}],"collection":[{"href":"https:\/\/isp-sal.infd.edu.ar\/sitio\/wp-json\/wp\/v2\/pages"}],"about":[{"href":"https:\/\/isp-sal.infd.edu.ar\/sitio\/wp-json\/wp\/v2\/types\/page"}],"author":[{"embeddable":true,"href":"https:\/\/isp-sal.infd.edu.ar\/sitio\/wp-json\/wp\/v2\/users\/1526"}],"replies":[{"embeddable":true,"href":"https:\/\/isp-sal.infd.edu.ar\/sitio\/wp-json\/wp\/v2\/comments?post=7090"}],"version-history":[{"count":11,"href":"https:\/\/isp-sal.infd.edu.ar\/sitio\/wp-json\/wp\/v2\/pages\/7090\/revisions"}],"predecessor-version":[{"id":7134,"href":"https:\/\/isp-sal.infd.edu.ar\/sitio\/wp-json\/wp\/v2\/pages\/7090\/revisions\/7134"}],"wp:attachment":[{"href":"https:\/\/isp-sal.infd.edu.ar\/sitio\/wp-json\/wp\/v2\/media?parent=7090"}],"curies":[{"name":"wp","href":"https:\/\/api.w.org\/{rel}","templated":true}]}}