{"id":5030,"date":"2022-03-14T22:55:37","date_gmt":"2022-03-15T01:55:37","guid":{"rendered":"https:\/\/isp-sal.infd.edu.ar\/sitio\/?page_id=5030"},"modified":"2026-03-27T22:50:49","modified_gmt":"2026-03-28T01:50:49","slug":"analiticos","status":"publish","type":"page","link":"https:\/\/isp-sal.infd.edu.ar\/sitio\/analiticos\/","title":{"rendered":"ANALITICO (Estado Curricular)"},"content":{"rendered":"\n<p>Estimados estudiantes:<\/p>\n\n\n\n<p>Seleccionar la carrera de la que solicitar\u00e1n el tr\u00e1mite:<\/p>\n\n\n\n<figure class=\"wp-block-gallery has-nested-images columns-default is-cropped wp-block-gallery-1 is-layout-flex\">\n<figure class=\"wp-block-image size-large\"><a href=\"https:\/\/forms.gle\/28uSgQ19qFmphNHs9\"><img decoding=\"async\" loading=\"lazy\" width=\"1343\" height=\"1900\" data-id=\"5056\"  src=\"https:\/\/isp-sal.infd.edu.ar\/sitio\/wp-content\/uploads\/2022\/03\/biologiA-1343x1900.jpg\" alt=\"\" class=\"wp-image-5056\" srcset=\"https:\/\/isp-sal.infd.edu.ar\/sitio\/wp-content\/uploads\/2022\/03\/biologiA-1343x1900.jpg 1343w, https:\/\/isp-sal.infd.edu.ar\/sitio\/wp-content\/uploads\/2022\/03\/biologiA-707x1000.jpg 707w, https:\/\/isp-sal.infd.edu.ar\/sitio\/wp-content\/uploads\/2022\/03\/biologiA-768x1086.jpg 768w, https:\/\/isp-sal.infd.edu.ar\/sitio\/wp-content\/uploads\/2022\/03\/biologiA-1086x1536.jpg 1086w, https:\/\/isp-sal.infd.edu.ar\/sitio\/wp-content\/uploads\/2022\/03\/biologiA-1448x2048.jpg 1448w, https:\/\/isp-sal.infd.edu.ar\/sitio\/wp-content\/uploads\/2022\/03\/biologiA.jpg 1587w\" sizes=\"(max-width: 1343px) 100vw, 1343px\" \/><\/a><\/figure>\n\n\n\n<figure class=\"wp-block-image size-large\"><a href=\"https:\/\/forms.gle\/eJNHyH6aDTmqG4cS9\"><img decoding=\"async\" loading=\"lazy\" width=\"1343\" height=\"1900\" data-id=\"5050\"  src=\"https:\/\/isp-sal.infd.edu.ar\/sitio\/wp-content\/uploads\/2022\/03\/geografia-1343x1900.jpg\" alt=\"\" class=\"wp-image-5050\" srcset=\"https:\/\/isp-sal.infd.edu.ar\/sitio\/wp-content\/uploads\/2022\/03\/geografia-1343x1900.jpg 1343w, https:\/\/isp-sal.infd.edu.ar\/sitio\/wp-content\/uploads\/2022\/03\/geografia-707x1000.jpg 707w, https:\/\/isp-sal.infd.edu.ar\/sitio\/wp-content\/uploads\/2022\/03\/geografia-768x1086.jpg 768w, https:\/\/isp-sal.infd.edu.ar\/sitio\/wp-content\/uploads\/2022\/03\/geografia-1086x1536.jpg 1086w, https:\/\/isp-sal.infd.edu.ar\/sitio\/wp-content\/uploads\/2022\/03\/geografia-1448x2048.jpg 1448w, https:\/\/isp-sal.infd.edu.ar\/sitio\/wp-content\/uploads\/2022\/03\/geografia.jpg 1587w\" sizes=\"(max-width: 1343px) 100vw, 1343px\" \/><\/a><\/figure>\n\n\n\n<figure class=\"wp-block-image size-large\"><a href=\"https:\/\/docs.google.com\/forms\/d\/e\/1FAIpQLSdMHccz-AqzgB7nB78INuk8HqHEw4YdAtGeBY63kdLjmRjJ0A\/viewform?usp=header\"><img decoding=\"async\" loading=\"lazy\" width=\"1343\" height=\"1900\" data-id=\"5054\"  src=\"https:\/\/isp-sal.infd.edu.ar\/sitio\/wp-content\/uploads\/2022\/03\/historia-1343x1900.jpg\" alt=\"\" class=\"wp-image-5054\" srcset=\"https:\/\/isp-sal.infd.edu.ar\/sitio\/wp-content\/uploads\/2022\/03\/historia-1343x1900.jpg 1343w, https:\/\/isp-sal.infd.edu.ar\/sitio\/wp-content\/uploads\/2022\/03\/historia-707x1000.jpg 707w, https:\/\/isp-sal.infd.edu.ar\/sitio\/wp-content\/uploads\/2022\/03\/historia-768x1086.jpg 768w, https:\/\/isp-sal.infd.edu.ar\/sitio\/wp-content\/uploads\/2022\/03\/historia-1086x1536.jpg 1086w, https:\/\/isp-sal.infd.edu.ar\/sitio\/wp-content\/uploads\/2022\/03\/historia-1448x2048.jpg 1448w, https:\/\/isp-sal.infd.edu.ar\/sitio\/wp-content\/uploads\/2022\/03\/historia.jpg 1587w\" sizes=\"(max-width: 1343px) 100vw, 1343px\" \/><\/a><\/figure>\n\n\n\n<figure class=\"wp-block-image size-large\"><a href=\"https:\/\/forms.gle\/jY3PMvZucFzKQnb57\"><img decoding=\"async\" loading=\"lazy\" width=\"1343\" height=\"1900\" data-id=\"5026\"  src=\"https:\/\/isp-sal.infd.edu.ar\/sitio\/wp-content\/uploads\/2022\/03\/PROF.-EN-MATEMATICA-1-1343x1900.jpg\" alt=\"\" class=\"wp-image-5026\" srcset=\"https:\/\/isp-sal.infd.edu.ar\/sitio\/wp-content\/uploads\/2022\/03\/PROF.-EN-MATEMATICA-1-1343x1900.jpg 1343w, https:\/\/isp-sal.infd.edu.ar\/sitio\/wp-content\/uploads\/2022\/03\/PROF.-EN-MATEMATICA-1-707x1000.jpg 707w, https:\/\/isp-sal.infd.edu.ar\/sitio\/wp-content\/uploads\/2022\/03\/PROF.-EN-MATEMATICA-1-768x1086.jpg 768w, https:\/\/isp-sal.infd.edu.ar\/sitio\/wp-content\/uploads\/2022\/03\/PROF.-EN-MATEMATICA-1-1086x1536.jpg 1086w, https:\/\/isp-sal.infd.edu.ar\/sitio\/wp-content\/uploads\/2022\/03\/PROF.-EN-MATEMATICA-1-1448x2048.jpg 1448w, https:\/\/isp-sal.infd.edu.ar\/sitio\/wp-content\/uploads\/2022\/03\/PROF.-EN-MATEMATICA-1.jpg 1587w\" sizes=\"(max-width: 1343px) 100vw, 1343px\" \/><\/a><\/figure>\n\n\n\n<figure class=\"wp-block-image size-large\"><a href=\"https:\/\/forms.gle\/t7D2koo6DAt1ERZE9\"><img decoding=\"async\" loading=\"lazy\" width=\"1343\" height=\"1900\" data-id=\"5038\"  src=\"https:\/\/isp-sal.infd.edu.ar\/sitio\/wp-content\/uploads\/2022\/03\/COMERCIALIZAcion-2-1343x1900.jpg\" alt=\"\" class=\"wp-image-5038\" srcset=\"https:\/\/isp-sal.infd.edu.ar\/sitio\/wp-content\/uploads\/2022\/03\/COMERCIALIZAcion-2-1343x1900.jpg 1343w, https:\/\/isp-sal.infd.edu.ar\/sitio\/wp-content\/uploads\/2022\/03\/COMERCIALIZAcion-2-707x1000.jpg 707w, https:\/\/isp-sal.infd.edu.ar\/sitio\/wp-content\/uploads\/2022\/03\/COMERCIALIZAcion-2-768x1086.jpg 768w, https:\/\/isp-sal.infd.edu.ar\/sitio\/wp-content\/uploads\/2022\/03\/COMERCIALIZAcion-2-1086x1536.jpg 1086w, https:\/\/isp-sal.infd.edu.ar\/sitio\/wp-content\/uploads\/2022\/03\/COMERCIALIZAcion-2-1448x2048.jpg 1448w, https:\/\/isp-sal.infd.edu.ar\/sitio\/wp-content\/uploads\/2022\/03\/COMERCIALIZAcion-2.jpg 1587w\" sizes=\"(max-width: 1343px) 100vw, 1343px\" \/><\/a><\/figure>\n\n\n\n<figure class=\"wp-block-image size-large\"><a href=\"https:\/\/forms.gle\/QoHHw7tAntLMHVvd6\"><img decoding=\"async\" loading=\"lazy\" width=\"1343\" height=\"1900\" data-id=\"5020\"  src=\"https:\/\/isp-sal.infd.edu.ar\/sitio\/wp-content\/uploads\/2022\/03\/TURISMO-1343x1900.jpg\" alt=\"\" class=\"wp-image-5020\" srcset=\"https:\/\/isp-sal.infd.edu.ar\/sitio\/wp-content\/uploads\/2022\/03\/TURISMO-1343x1900.jpg 1343w, https:\/\/isp-sal.infd.edu.ar\/sitio\/wp-content\/uploads\/2022\/03\/TURISMO-707x1000.jpg 707w, https:\/\/isp-sal.infd.edu.ar\/sitio\/wp-content\/uploads\/2022\/03\/TURISMO-768x1086.jpg 768w, https:\/\/isp-sal.infd.edu.ar\/sitio\/wp-content\/uploads\/2022\/03\/TURISMO-1086x1536.jpg 1086w, https:\/\/isp-sal.infd.edu.ar\/sitio\/wp-content\/uploads\/2022\/03\/TURISMO-1448x2048.jpg 1448w, https:\/\/isp-sal.infd.edu.ar\/sitio\/wp-content\/uploads\/2022\/03\/TURISMO.jpg 1587w\" sizes=\"(max-width: 1343px) 100vw, 1343px\" \/><\/a><\/figure>\n\n\n\n<figure class=\"wp-block-image size-large\"><a href=\"https:\/\/forms.gle\/DnkWveKRbvAtHKzC7\"><img decoding=\"async\" loading=\"lazy\" width=\"1343\" height=\"1900\" data-id=\"5018\"  src=\"https:\/\/isp-sal.infd.edu.ar\/sitio\/wp-content\/uploads\/2022\/03\/PROF.-EN-FISICA-1343x1900.jpg\" alt=\"\" class=\"wp-image-5018\" srcset=\"https:\/\/isp-sal.infd.edu.ar\/sitio\/wp-content\/uploads\/2022\/03\/PROF.-EN-FISICA-1343x1900.jpg 1343w, https:\/\/isp-sal.infd.edu.ar\/sitio\/wp-content\/uploads\/2022\/03\/PROF.-EN-FISICA-707x1000.jpg 707w, https:\/\/isp-sal.infd.edu.ar\/sitio\/wp-content\/uploads\/2022\/03\/PROF.-EN-FISICA-768x1086.jpg 768w, https:\/\/isp-sal.infd.edu.ar\/sitio\/wp-content\/uploads\/2022\/03\/PROF.-EN-FISICA-1086x1536.jpg 1086w, https:\/\/isp-sal.infd.edu.ar\/sitio\/wp-content\/uploads\/2022\/03\/PROF.-EN-FISICA-1448x2048.jpg 1448w, https:\/\/isp-sal.infd.edu.ar\/sitio\/wp-content\/uploads\/2022\/03\/PROF.-EN-FISICA.jpg 1587w\" sizes=\"(max-width: 1343px) 100vw, 1343px\" \/><\/a><\/figure>\n\n\n\n<figure class=\"wp-block-image size-large\"><a href=\"https:\/\/forms.gle\/PZR5YGLECpArRz8o8\"><img decoding=\"async\" loading=\"lazy\" width=\"1343\" height=\"1900\" data-id=\"5028\"  src=\"https:\/\/isp-sal.infd.edu.ar\/sitio\/wp-content\/uploads\/2022\/03\/GESTION-DE-PROYECTOS-1343x1900.jpg\" alt=\"\" class=\"wp-image-5028\" srcset=\"https:\/\/isp-sal.infd.edu.ar\/sitio\/wp-content\/uploads\/2022\/03\/GESTION-DE-PROYECTOS-1343x1900.jpg 1343w, https:\/\/isp-sal.infd.edu.ar\/sitio\/wp-content\/uploads\/2022\/03\/GESTION-DE-PROYECTOS-707x1000.jpg 707w, https:\/\/isp-sal.infd.edu.ar\/sitio\/wp-content\/uploads\/2022\/03\/GESTION-DE-PROYECTOS-768x1086.jpg 768w, https:\/\/isp-sal.infd.edu.ar\/sitio\/wp-content\/uploads\/2022\/03\/GESTION-DE-PROYECTOS-1086x1536.jpg 1086w, https:\/\/isp-sal.infd.edu.ar\/sitio\/wp-content\/uploads\/2022\/03\/GESTION-DE-PROYECTOS-1448x2048.jpg 1448w, https:\/\/isp-sal.infd.edu.ar\/sitio\/wp-content\/uploads\/2022\/03\/GESTION-DE-PROYECTOS.jpg 1587w\" sizes=\"(max-width: 1343px) 100vw, 1343px\" \/><\/a><\/figure>\n\n\n\n<figure class=\"wp-block-image size-large\"><a href=\"https:\/\/docs.google.com\/forms\/d\/e\/1FAIpQLSdCSw3tN4s8y5k3_xPgRGsS6wokiOm9UGtz-0tslon_EeU-vQ\/viewform?usp=publish-editor\"><img decoding=\"async\" loading=\"lazy\" width=\"1343\" height=\"1900\" data-id=\"8125\"  src=\"https:\/\/isp-sal.infd.edu.ar\/sitio\/wp-content\/uploads\/2025\/12\/Logo-para-Diseno-de-Videojuegos-Recreativos-Atrevido-y-Estetico-Blanco-y-Negro-1-1.png\" alt=\"\" class=\"wp-image-8125\" srcset=\"https:\/\/isp-sal.infd.edu.ar\/sitio\/wp-content\/uploads\/2025\/12\/Logo-para-Diseno-de-Videojuegos-Recreativos-Atrevido-y-Estetico-Blanco-y-Negro-1-1.png 1343w, https:\/\/isp-sal.infd.edu.ar\/sitio\/wp-content\/uploads\/2025\/12\/Logo-para-Diseno-de-Videojuegos-Recreativos-Atrevido-y-Estetico-Blanco-y-Negro-1-1-707x1000.png 707w, https:\/\/isp-sal.infd.edu.ar\/sitio\/wp-content\/uploads\/2025\/12\/Logo-para-Diseno-de-Videojuegos-Recreativos-Atrevido-y-Estetico-Blanco-y-Negro-1-1-768x1087.png 768w, https:\/\/isp-sal.infd.edu.ar\/sitio\/wp-content\/uploads\/2025\/12\/Logo-para-Diseno-de-Videojuegos-Recreativos-Atrevido-y-Estetico-Blanco-y-Negro-1-1-1086x1536.png 1086w\" sizes=\"(max-width: 1343px) 100vw, 1343px\" \/><\/a><\/figure>\n\n\n\n<figure class=\"wp-block-image size-large\"><a href=\"https:\/\/forms.gle\/AH61tzEn6DNNCPDHA\"><img decoding=\"async\" loading=\"lazy\" width=\"1343\" height=\"1900\" data-id=\"5019\"  src=\"https:\/\/isp-sal.infd.edu.ar\/sitio\/wp-content\/uploads\/2022\/03\/PROF.-EN-MATEMATICA-1343x1900.jpg\" alt=\"\" class=\"wp-image-5019\" srcset=\"https:\/\/isp-sal.infd.edu.ar\/sitio\/wp-content\/uploads\/2022\/03\/PROF.-EN-MATEMATICA-1343x1900.jpg 1343w, https:\/\/isp-sal.infd.edu.ar\/sitio\/wp-content\/uploads\/2022\/03\/PROF.-EN-MATEMATICA-707x1000.jpg 707w, https:\/\/isp-sal.infd.edu.ar\/sitio\/wp-content\/uploads\/2022\/03\/PROF.-EN-MATEMATICA-768x1086.jpg 768w, https:\/\/isp-sal.infd.edu.ar\/sitio\/wp-content\/uploads\/2022\/03\/PROF.-EN-MATEMATICA-1086x1536.jpg 1086w, https:\/\/isp-sal.infd.edu.ar\/sitio\/wp-content\/uploads\/2022\/03\/PROF.-EN-MATEMATICA-1448x2048.jpg 1448w, https:\/\/isp-sal.infd.edu.ar\/sitio\/wp-content\/uploads\/2022\/03\/PROF.-EN-MATEMATICA.jpg 1587w\" sizes=\"(max-width: 1343px) 100vw, 1343px\" \/><\/a><\/figure>\n\n\n\n<figure class=\"wp-block-image size-large\"><a href=\"https:\/\/forms.gle\/FZMjjNLLtm7aLs989\"><img decoding=\"async\" loading=\"lazy\" width=\"1343\" height=\"1900\" data-id=\"5022\"  src=\"https:\/\/isp-sal.infd.edu.ar\/sitio\/wp-content\/uploads\/2022\/03\/PROF.-EN-QUIMICA-1343x1900.jpg\" alt=\"\" class=\"wp-image-5022\" srcset=\"https:\/\/isp-sal.infd.edu.ar\/sitio\/wp-content\/uploads\/2022\/03\/PROF.-EN-QUIMICA-1343x1900.jpg 1343w, https:\/\/isp-sal.infd.edu.ar\/sitio\/wp-content\/uploads\/2022\/03\/PROF.-EN-QUIMICA-707x1000.jpg 707w, https:\/\/isp-sal.infd.edu.ar\/sitio\/wp-content\/uploads\/2022\/03\/PROF.-EN-QUIMICA-768x1086.jpg 768w, https:\/\/isp-sal.infd.edu.ar\/sitio\/wp-content\/uploads\/2022\/03\/PROF.-EN-QUIMICA-1086x1536.jpg 1086w, https:\/\/isp-sal.infd.edu.ar\/sitio\/wp-content\/uploads\/2022\/03\/PROF.-EN-QUIMICA-1448x2048.jpg 1448w, https:\/\/isp-sal.infd.edu.ar\/sitio\/wp-content\/uploads\/2022\/03\/PROF.-EN-QUIMICA.jpg 1587w\" sizes=\"(max-width: 1343px) 100vw, 1343px\" \/><\/a><\/figure>\n<\/figure>\n\n\n\n<p class=\"has-text-align-center\"><strong>SE PODR\u00c1N RETIRAR, UNA VEZ QUE SU PRECEPTOR LES INFORME POR CORREO ELECTRONICO QUE SU TRAMITE ESTA LISTO, LOS SIGUIENTES DIAS:<\/strong><\/p>\n\n\n\n<p>Carrera del&nbsp;<strong>TURNO MA\u00d1ANA<\/strong>:<\/p>\n\n\n\n<ul>\n<li>Martes y Jueves de 10 a 12 hs.<\/li>\n<\/ul>\n\n\n\n<p>Carreras del&nbsp;<strong>TURNO TARDE<\/strong>:<\/p>\n\n\n\n<ul>\n<li>Martes y Viernes de 15 a 17 h.<\/li>\n<\/ul>\n\n\n\n<p>Carreras del&nbsp;<strong>TURNO NOCHE<\/strong>:<\/p>\n\n\n\n<ul>\n<li>Martes y Jueves de 20 a 22 hs.: Biolog\u00eda \u2013 Geograf\u00eda \u2013 Comercializaci\u00f3n<\/li>\n\n\n\n<li>Mi\u00e9rcoles y Viernes de 20 a 22 hs.: Matem\u00e1tica \u2013 Historia \u2013 Turismo<\/li>\n<\/ul>\n","protected":false},"excerpt":{"rendered":"<p>Estimados estudiantes: Seleccionar la carrera de la que solicitar\u00e1n el tr\u00e1mite: SE PODR\u00c1N RETIRAR, UNA VEZ QUE SU PRECEPTOR LES INFORME POR CORREO ELECTRONICO QUE SU TRAMITE ESTA LISTO, LOS SIGUIENTES DIAS: Carrera del&nbsp;TURNO MA\u00d1ANA: Carreras del&nbsp;TURNO TARDE: Carreras del&nbsp;TURNO NOCHE:<\/p>\n","protected":false},"author":1526,"featured_media":0,"parent":0,"menu_order":0,"comment_status":"closed","ping_status":"closed","template":"","meta":[],"acf":[],"_links":{"self":[{"href":"https:\/\/isp-sal.infd.edu.ar\/sitio\/wp-json\/wp\/v2\/pages\/5030"}],"collection":[{"href":"https:\/\/isp-sal.infd.edu.ar\/sitio\/wp-json\/wp\/v2\/pages"}],"about":[{"href":"https:\/\/isp-sal.infd.edu.ar\/sitio\/wp-json\/wp\/v2\/types\/page"}],"author":[{"embeddable":true,"href":"https:\/\/isp-sal.infd.edu.ar\/sitio\/wp-json\/wp\/v2\/users\/1526"}],"replies":[{"embeddable":true,"href":"https:\/\/isp-sal.infd.edu.ar\/sitio\/wp-json\/wp\/v2\/comments?post=5030"}],"version-history":[{"count":10,"href":"https:\/\/isp-sal.infd.edu.ar\/sitio\/wp-json\/wp\/v2\/pages\/5030\/revisions"}],"predecessor-version":[{"id":8357,"href":"https:\/\/isp-sal.infd.edu.ar\/sitio\/wp-json\/wp\/v2\/pages\/5030\/revisions\/8357"}],"wp:attachment":[{"href":"https:\/\/isp-sal.infd.edu.ar\/sitio\/wp-json\/wp\/v2\/media?parent=5030"}],"curies":[{"name":"wp","href":"https:\/\/api.w.org\/{rel}","templated":true}]}}