{"id":4075,"date":"2021-07-08T17:13:01","date_gmt":"2021-07-08T20:13:01","guid":{"rendered":"https:\/\/isp-sal.infd.edu.ar\/sitio\/?page_id=4075"},"modified":"2026-04-15T14:48:05","modified_gmt":"2026-04-15T17:48:05","slug":"contactos","status":"publish","type":"page","link":"https:\/\/isp-sal.infd.edu.ar\/sitio\/contactos\/","title":{"rendered":"CONTACTOS"},"content":{"rendered":"<h1 style=\"text-align: center;\">CONTACTOS INSTITUCIONALES<\/h1>\n<p style=\"text-align: center;\"><img decoding=\"async\" loading=\"lazy\" class=\"alignnone  wp-image-7148\" src=\"https:\/\/isp-sal.infd.edu.ar\/sitio\/wp-content\/uploads\/2024\/11\/images-3.png\" alt=\"\" width=\"44\" height=\"28\" \/><strong>Correo electr\u00f3nico institucional:<\/strong> profesoradodesalta@gmail.com<\/p>\n<hr \/>\n<p>A continuaci\u00f3n les ofrecemos los correos de contacto para cada sector del instituto, de modo que sus consultas las realicen con el \u00e1rea correspondiente (clic sobre el texto para acceder al contacto):<\/p>\n<ul>\n<li><b>AREA \u2013 SECRETAR\u00cdA <\/b>(consultas <strong>para docentes y administrativos)<\/strong><\/li>\n<\/ul>\n<ul>\n<li><b>AREA \u2013 PRECEPTOR\u00cdA <\/b>(Consultas acad\u00e9micas y administrativas <strong>para alumnos<\/strong> por carrera):\n<ul>\n<li>PRECEPTORA KARINA \u2013\u00a0<strong>FISICA<\/strong>\u00a0(TURNO MA\u00d1ANA): kajofrefisica@gmail.com<\/li>\n<li>PRECEPTORA SUSANA \u2013 <strong>MATEMATICA<\/strong> (TURNO TARDE): equivalencias6005tt@gmail.com<\/li>\n<li>PRECEPTORA ROCIO &#8211; <strong>QUIMICA<\/strong> (TURNO TARDE): rocio.isps6005@gmail.com<\/li>\n<li>PRECEPTOR GUSTAVO \u2013\u00a0<strong>GESTION DE PROYECTOS<\/strong> (TURNO TARDE): preceptorgestion@gmail.com<\/li>\n<li>PRECEPTOR CARIM \u2013\u00a0<strong>TURISMO y COMERCIALIZACION<\/strong>\u00a0(TURNO NOCHE) : carimabraham09@gmail.com<\/li>\n<li>PRECEPTORA NORMA &#8211; <strong>HISTORIA<\/strong> (TURNO NOCHE): precehistoria6005@gmail.com<\/li>\n<li>PRECEPTORA MARIANA \u2013\u00a0<strong>BIOLOGIA<\/strong>\u00a0( TURNO NOCHE): marihessling@gmail.com<\/li>\n<li>PRECEPTORA MONICA \u2013\u00a0<strong>GEOGRAFIA<\/strong>\u00a0(TURNO NOCHE): precegeo@gmail.com<\/li>\n<li>PRECEPTORA ALICIA \u2013\u00a0<strong>MATEMATICA<\/strong>\u00a0(TURNO NOCHE): alicatan@gmail.com<\/li>\n<\/ul>\n<\/li>\n<\/ul>\n<div class=\"o9v6fnle cxmmr5t8 oygrvhab hcukyx3x c1et5uql ii04i59q\">\n<ul>\n<li dir=\"auto\"><b>AREA \u2013 TITULOS:<\/b>\n<ul>\n<li dir=\"auto\">SEYLA FLORES:\u00a0seyla6005@gmail.com<\/li>\n<\/ul>\n<\/li>\n<\/ul>\n<\/div>\n<div class=\"o9v6fnle cxmmr5t8 oygrvhab hcukyx3x c1et5uql ii04i59q\">\n<div dir=\"auto\"><\/div>\n<\/div>\n<ul>\n<li><strong>AREA \u2013 EQUIVALENCIAS:<\/strong>\n<ul>\n<li>CLAUDIA LOPEZ: equivalencias6005@gmail.com<\/li>\n<li>PROGRAMAS: programass6005salta@gmail.com<\/li>\n<\/ul>\n<\/li>\n<\/ul>\n<ul>\n<li><strong>AREA \u2013 REFERENTES TIC:<\/strong>\n<ul>\n<li>CINTIA YUSTMAN &#8211; RODRIGO SARTINI &#8211; ALEJANDRA VERA NAVARRO: profesoradodesalta@gmail.com<\/li>\n<\/ul>\n<\/li>\n<\/ul>\n","protected":false},"excerpt":{"rendered":"<p>CONTACTOS INSTITUCIONALES Correo electr\u00f3nico institucional: profesoradodesalta@gmail.com A continuaci\u00f3n les ofrecemos los correos de contacto para cada sector del instituto, de modo que sus consultas las realicen con el \u00e1rea correspondiente (clic sobre el texto para acceder al contacto): AREA \u2013 SECRETAR\u00cdA (consultas para docentes y administrativos) AREA \u2013 PRECEPTOR\u00cdA (Consultas acad\u00e9micas y administrativas para alumnos &#8230; <a title=\"CONTACTOS\" class=\"read-more\" href=\"https:\/\/isp-sal.infd.edu.ar\/sitio\/contactos\/\" aria-label=\"More on CONTACTOS\">[+]<\/a><\/p>\n","protected":false},"author":1526,"featured_media":0,"parent":0,"menu_order":0,"comment_status":"closed","ping_status":"closed","template":"","meta":[],"acf":[],"_links":{"self":[{"href":"https:\/\/isp-sal.infd.edu.ar\/sitio\/wp-json\/wp\/v2\/pages\/4075"}],"collection":[{"href":"https:\/\/isp-sal.infd.edu.ar\/sitio\/wp-json\/wp\/v2\/pages"}],"about":[{"href":"https:\/\/isp-sal.infd.edu.ar\/sitio\/wp-json\/wp\/v2\/types\/page"}],"author":[{"embeddable":true,"href":"https:\/\/isp-sal.infd.edu.ar\/sitio\/wp-json\/wp\/v2\/users\/1526"}],"replies":[{"embeddable":true,"href":"https:\/\/isp-sal.infd.edu.ar\/sitio\/wp-json\/wp\/v2\/comments?post=4075"}],"version-history":[{"count":23,"href":"https:\/\/isp-sal.infd.edu.ar\/sitio\/wp-json\/wp\/v2\/pages\/4075\/revisions"}],"predecessor-version":[{"id":8363,"href":"https:\/\/isp-sal.infd.edu.ar\/sitio\/wp-json\/wp\/v2\/pages\/4075\/revisions\/8363"}],"wp:attachment":[{"href":"https:\/\/isp-sal.infd.edu.ar\/sitio\/wp-json\/wp\/v2\/media?parent=4075"}],"curies":[{"name":"wp","href":"https:\/\/api.w.org\/{rel}","templated":true}]}}